{"id":3261,"date":"2021-01-19T11:04:04","date_gmt":"2021-01-19T10:04:04","guid":{"rendered":"https:\/\/visitnoordbeveland.nl\/?page_id=3261"},"modified":"2024-12-13T21:46:59","modified_gmt":"2024-12-13T20:46:59","slug":"wielrennen","status":"publish","type":"page","link":"https:\/\/visitnoordbeveland.nl\/de\/wielrennen\/","title":{"rendered":"RADFAHREN"},"content":{"rendered":"<div data-elementor-type=\"wp-page\" data-elementor-id=\"3261\" class=\"elementor elementor-3261\" data-elementor-post-type=\"page\">\n\t\t\t\t\t\t<section class=\"elementor-section elementor-top-section elementor-element elementor-element-0e7a8de elementor-section-content-top elementor-section-boxed elementor-section-height-default elementor-section-height-default\" data-id=\"0e7a8de\" data-element_type=\"section\" data-e-type=\"section\" data-settings=\"{&quot;background_background&quot;:&quot;classic&quot;}\">\n\t\t\t\t\t\t<div class=\"elementor-container elementor-column-gap-default\">\n\t\t\t\t\t<div class=\"elementor-column elementor-col-100 elementor-top-column elementor-element elementor-element-e3d7976\" data-id=\"e3d7976\" data-element_type=\"column\" data-e-type=\"column\">\n\t\t\t<div class=\"elementor-widget-wrap elementor-element-populated\">\n\t\t\t\t\t\t<div class=\"elementor-element elementor-element-5739737 elementor-widget elementor-widget-heading\" data-id=\"5739737\" data-element_type=\"widget\" data-e-type=\"widget\" data-widget_type=\"heading.default\">\n\t\t\t\t<div class=\"elementor-widget-container\">\n\t\t\t\t\t<h2 class=\"elementor-heading-title elementor-size-large\">RADFAHREN<\/h2>\t\t\t\t<\/div>\n\t\t\t\t<\/div>\n\t\t\t\t\t<\/div>\n\t\t<\/div>\n\t\t\t\t\t<\/div>\n\t\t<\/section>\n\t\t\t\t<section class=\"elementor-section elementor-top-section elementor-element elementor-element-bee8bef elementor-section-boxed elementor-section-height-default elementor-section-height-default\" data-id=\"bee8bef\" data-element_type=\"section\" data-e-type=\"section\">\n\t\t\t\t\t\t<div class=\"elementor-container elementor-column-gap-no\">\n\t\t\t\t\t<div class=\"elementor-column elementor-col-100 elementor-top-column elementor-element elementor-element-d0fefe6\" data-id=\"d0fefe6\" data-element_type=\"column\" data-e-type=\"column\" data-settings=\"{&quot;background_background&quot;:&quot;classic&quot;}\">\n\t\t\t<div class=\"elementor-widget-wrap elementor-element-populated\">\n\t\t\t\t\t\t<section class=\"elementor-section elementor-inner-section elementor-element elementor-element-4510ec5 elementor-section-boxed elementor-section-height-default elementor-section-height-default\" data-id=\"4510ec5\" data-element_type=\"section\" data-e-type=\"section\">\n\t\t\t\t\t\t<div class=\"elementor-container elementor-column-gap-no\">\n\t\t\t\t\t<div class=\"elementor-column elementor-col-100 elementor-inner-column elementor-element elementor-element-dfd3351\" data-id=\"dfd3351\" data-element_type=\"column\" data-e-type=\"column\">\n\t\t\t<div class=\"elementor-widget-wrap elementor-element-populated\">\n\t\t\t\t\t\t<div class=\"elementor-element elementor-element-5a65c0e elementor-widget elementor-widget-heading\" data-id=\"5a65c0e\" data-element_type=\"widget\" data-e-type=\"widget\" data-widget_type=\"heading.default\">\n\t\t\t\t<div class=\"elementor-widget-container\">\n\t\t\t\t\t<h3 class=\"elementor-heading-title elementor-size-large\">TOURCLUB DE KROON<\/h3>\t\t\t\t<\/div>\n\t\t\t\t<\/div>\n\t\t\t\t<div class=\"elementor-element elementor-element-87daa80 elementor-widget elementor-widget-text-editor\" data-id=\"87daa80\" data-element_type=\"widget\" data-e-type=\"widget\" data-widget_type=\"text-editor.default\">\n\t\t\t\t<div class=\"elementor-widget-container\">\n\t\t\t\t\t\t\t\t\t<div id=\"Content\"><div class=\"boxed\"><div id=\"lipsum\"><p>Der Tourclub De Kroon wurde 1985 gegr\u00fcndet. Es wurde in der Bar von HCR De Kroon in Wissenkerke gegr\u00fcndet, wo Peter de Looff an einem Samstagabend die Idee vorschlug, einen Radsportclub zu gr\u00fcnden. Nach der ersten Ausfahrt fanden sich schnell mehrere begeisterte Radfahrer und der Verein wuchs recht schnell.<\/p><\/div><\/div><\/div>\t\t\t\t\t\t\t\t<\/div>\n\t\t\t\t<\/div>\n\t\t\t\t<div class=\"elementor-element elementor-element-f344545 elementor-align-left elementor-mobile-align-center elementor-widget__width-inherit elementor-widget elementor-widget-button\" data-id=\"f344545\" data-element_type=\"widget\" data-e-type=\"widget\" data-widget_type=\"button.default\">\n\t\t\t\t<div class=\"elementor-widget-container\">\n\t\t\t\t\t\t\t\t\t<div class=\"elementor-button-wrapper\">\n\t\t\t\t\t<a class=\"elementor-button elementor-button-link elementor-size-sm elementor-animation-shrink\" href=\"http:\/\/www.tourclubdekroon.nl\" target=\"_blank\">\n\t\t\t\t\t\t<span class=\"elementor-button-content-wrapper\">\n\t\t\t\t\t\t\t\t\t<span class=\"elementor-button-text\">www.tourclubdekroon.nl<\/span>\n\t\t\t\t\t<\/span>\n\t\t\t\t\t<\/a>\n\t\t\t\t<\/div>\n\t\t\t\t\t\t\t\t<\/div>\n\t\t\t\t<\/div>\n\t\t\t\t<div class=\"elementor-element elementor-element-475a218 elementor-widget__width-initial elementor-widget-mobile__width-initial elementor-widget-tablet__width-initial elementor-position-inline-start elementor-view-default elementor-mobile-position-block-start elementor-widget elementor-widget-icon-box\" data-id=\"475a218\" data-element_type=\"widget\" data-e-type=\"widget\" data-settings=\"{&quot;_animation&quot;:&quot;none&quot;}\" data-widget_type=\"icon-box.default\">\n\t\t\t\t<div class=\"elementor-widget-container\">\n\t\t\t\t\t\t\t<div class=\"elementor-icon-box-wrapper\">\n\n\t\t\t\t\t\t<div class=\"elementor-icon-box-icon\">\n\t\t\t\t<a href=\"https:\/\/g.page\/kroonzeeland?share\" target=\"_blank\" class=\"elementor-icon elementor-animation-shrink\" tabindex=\"-1\" aria-label=\"Wissenkerke\">\n\t\t\t\t<i aria-hidden=\"true\" class=\"fas fa-car-alt\"><\/i>\t\t\t\t<\/a>\n\t\t\t<\/div>\n\t\t\t\n\t\t\t\t\t\t<div class=\"elementor-icon-box-content\">\n\n\t\t\t\t\t\t\t\t\t<h1 class=\"elementor-icon-box-title\">\n\t\t\t\t\t\t<a href=\"https:\/\/g.page\/kroonzeeland?share\" target=\"_blank\" >\n\t\t\t\t\t\t\tWissenkerke\t\t\t\t\t\t<\/a>\n\t\t\t\t\t<\/h1>\n\t\t\t\t\n\t\t\t\t\n\t\t\t<\/div>\n\t\t\t\n\t\t<\/div>\n\t\t\t\t\t\t<\/div>\n\t\t\t\t<\/div>\n\t\t\t\t<div class=\"elementor-element elementor-element-511369e elementor-widget__width-initial elementor-widget-mobile__width-initial elementor-widget-tablet__width-initial elementor-position-inline-start elementor-view-default elementor-mobile-position-block-start elementor-widget elementor-widget-icon-box\" data-id=\"511369e\" data-element_type=\"widget\" data-e-type=\"widget\" data-widget_type=\"icon-box.default\">\n\t\t\t\t<div class=\"elementor-widget-container\">\n\t\t\t\t\t\t\t<div class=\"elementor-icon-box-wrapper\">\n\n\t\t\t\t\t\t<div class=\"elementor-icon-box-icon\">\n\t\t\t\t<a href=\"http:\/\/tourclubdekroon.nl\/contact\/\" class=\"elementor-icon elementor-animation-shrink\" tabindex=\"-1\" aria-label=\"Kontakt Formular\">\n\t\t\t\t<i aria-hidden=\"true\" class=\"fas fa-envelope\"><\/i>\t\t\t\t<\/a>\n\t\t\t<\/div>\n\t\t\t\n\t\t\t\t\t\t<div class=\"elementor-icon-box-content\">\n\n\t\t\t\t\t\t\t\t\t<h1 class=\"elementor-icon-box-title\">\n\t\t\t\t\t\t<a href=\"http:\/\/tourclubdekroon.nl\/contact\/\" >\n\t\t\t\t\t\t\tKontakt Formular\t\t\t\t\t\t<\/a>\n\t\t\t\t\t<\/h1>\n\t\t\t\t\n\t\t\t\t\n\t\t\t<\/div>\n\t\t\t\n\t\t<\/div>\n\t\t\t\t\t\t<\/div>\n\t\t\t\t<\/div>\n\t\t\t\t\t<\/div>\n\t\t<\/div>\n\t\t\t\t\t<\/div>\n\t\t<\/section>\n\t\t\t\t\t<\/div>\n\t\t<\/div>\n\t\t\t\t\t<\/div>\n\t\t<\/section>\n\t\t\t\t<\/div>","protected":false},"excerpt":{"rendered":"<p>WIELRENNEN TOURCLUB DE KROON Tourclub De Kroon is in 1985 opgericht. De oprichting is tot stand gekomen aan de bar van HCR De Kroon te Wissenkerke, waar op een zaterdagavond door Peter de Looff het idee werd geopperd om maar eens een fietsclub op te richten. Na de eerste rit werden al snel meerdere enthousiaste [&hellip;]<\/p>\n","protected":false},"author":1,"featured_media":0,"parent":0,"menu_order":0,"comment_status":"closed","ping_status":"closed","template":"","meta":{"site-sidebar-layout":"no-sidebar","site-content-layout":"page-builder","ast-site-content-layout":"default","site-content-style":"default","site-sidebar-style":"default","ast-global-header-display":"","ast-banner-title-visibility":"","ast-main-header-display":"","ast-hfb-above-header-display":"","ast-hfb-below-header-display":"","ast-hfb-mobile-header-display":"","site-post-title":"disabled","ast-breadcrumbs-content":"","ast-featured-img":"disabled","footer-sml-layout":"","ast-disable-related-posts":"","theme-transparent-header-meta":"default","adv-header-id-meta":"","stick-header-meta":"","header-above-stick-meta":"","header-main-stick-meta":"","header-below-stick-meta":"","astra-migrate-meta-layouts":"default","ast-page-background-enabled":"default","ast-page-background-meta":{"desktop":{"background-color":"","background-image":"","background-repeat":"repeat","background-position":"center center","background-size":"auto","background-attachment":"scroll","background-type":"","background-media":"","overlay-type":"","overlay-color":"","overlay-opacity":"","overlay-gradient":""},"tablet":{"background-color":"","background-image":"","background-repeat":"repeat","background-position":"center center","background-size":"auto","background-attachment":"scroll","background-type":"","background-media":"","overlay-type":"","overlay-color":"","overlay-opacity":"","overlay-gradient":""},"mobile":{"background-color":"","background-image":"","background-repeat":"repeat","background-position":"center center","background-size":"auto","background-attachment":"scroll","background-type":"","background-media":"","overlay-type":"","overlay-color":"","overlay-opacity":"","overlay-gradient":""}},"ast-content-background-meta":{"desktop":{"background-color":"var(--ast-global-color-5)","background-image":"","background-repeat":"repeat","background-position":"center center","background-size":"auto","background-attachment":"scroll","background-type":"","background-media":"","overlay-type":"","overlay-color":"","overlay-opacity":"","overlay-gradient":""},"tablet":{"background-color":"var(--ast-global-color-5)","background-image":"","background-repeat":"repeat","background-position":"center center","background-size":"auto","background-attachment":"scroll","background-type":"","background-media":"","overlay-type":"","overlay-color":"","overlay-opacity":"","overlay-gradient":""},"mobile":{"background-color":"var(--ast-global-color-5)","background-image":"","background-repeat":"repeat","background-position":"center center","background-size":"auto","background-attachment":"scroll","background-type":"","background-media":"","overlay-type":"","overlay-color":"","overlay-opacity":"","overlay-gradient":""}},"footnotes":""},"class_list":["post-3261","page","type-page","status-publish","hentry"],"yoast_head":"<!-- This site is optimized with the Yoast SEO Premium plugin v20.5 (Yoast SEO v27.4) - https:\/\/yoast.com\/product\/yoast-seo-premium-wordpress\/ -->\n<title>WIELRENNEN &#8211; Visit Noord-Beveland<\/title>\n<meta name=\"robots\" content=\"index, follow, max-snippet:-1, max-image-preview:large, max-video-preview:-1\" \/>\n<link rel=\"canonical\" href=\"https:\/\/visitnoordbeveland.nl\/de\/wielrennen\/\" \/>\n<meta property=\"og:locale\" content=\"de_DE\" \/>\n<meta property=\"og:type\" content=\"article\" \/>\n<meta property=\"og:title\" content=\"WIELRENNEN\" \/>\n<meta property=\"og:description\" content=\"WIELRENNEN TOURCLUB DE KROON Tourclub De Kroon is in 1985 opgericht. De oprichting is tot stand gekomen aan de bar van HCR De Kroon te Wissenkerke, waar op een zaterdagavond door Peter de Looff het idee werd geopperd om maar eens een fietsclub op te richten. Na de eerste rit werden al snel meerdere enthousiaste [&hellip;]\" \/>\n<meta property=\"og:url\" content=\"https:\/\/visitnoordbeveland.nl\/de\/wielrennen\/\" \/>\n<meta property=\"og:site_name\" content=\"Visit Noord-Beveland\" \/>\n<meta property=\"article:modified_time\" content=\"2024-12-13T20:46:59+00:00\" \/>\n<meta name=\"twitter:card\" content=\"summary_large_image\" \/>\n<meta name=\"twitter:label1\" content=\"Gesch\u00e4tzte Lesezeit\" \/>\n\t<meta name=\"twitter:data1\" content=\"1 Minute\" \/>\n<script type=\"application\/ld+json\" class=\"yoast-schema-graph\">{\"@context\":\"https:\\\/\\\/schema.org\",\"@graph\":[{\"@type\":\"WebPage\",\"@id\":\"https:\\\/\\\/visitnoordbeveland.nl\\\/wielrennen\\\/\",\"url\":\"https:\\\/\\\/visitnoordbeveland.nl\\\/wielrennen\\\/\",\"name\":\"WIELRENNEN &#8211; Visit Noord-Beveland\",\"isPartOf\":{\"@id\":\"https:\\\/\\\/visitnoordbeveland.nl\\\/#website\"},\"datePublished\":\"2021-01-19T10:04:04+00:00\",\"dateModified\":\"2024-12-13T20:46:59+00:00\",\"breadcrumb\":{\"@id\":\"https:\\\/\\\/visitnoordbeveland.nl\\\/wielrennen\\\/#breadcrumb\"},\"inLanguage\":\"de\",\"potentialAction\":[{\"@type\":\"ReadAction\",\"target\":[\"https:\\\/\\\/visitnoordbeveland.nl\\\/wielrennen\\\/\"]}]},{\"@type\":\"BreadcrumbList\",\"@id\":\"https:\\\/\\\/visitnoordbeveland.nl\\\/wielrennen\\\/#breadcrumb\",\"itemListElement\":[{\"@type\":\"ListItem\",\"position\":1,\"name\":\"Home\",\"item\":\"https:\\\/\\\/visitnoordbeveland.nl\\\/\"},{\"@type\":\"ListItem\",\"position\":2,\"name\":\"WIELRENNEN\"}]},{\"@type\":\"WebSite\",\"@id\":\"https:\\\/\\\/visitnoordbeveland.nl\\\/#website\",\"url\":\"https:\\\/\\\/visitnoordbeveland.nl\\\/\",\"name\":\"Visit Noord-Beveland\",\"description\":\"\",\"potentialAction\":[{\"@type\":\"SearchAction\",\"target\":{\"@type\":\"EntryPoint\",\"urlTemplate\":\"https:\\\/\\\/visitnoordbeveland.nl\\\/?s={search_term_string}\"},\"query-input\":{\"@type\":\"PropertyValueSpecification\",\"valueRequired\":true,\"valueName\":\"search_term_string\"}}],\"inLanguage\":\"de\"}]}<\/script>\n<!-- \/ Yoast SEO Premium plugin. -->","yoast_head_json":{"title":"WIELRENNEN &#8211; Visit Noord-Beveland","robots":{"index":"index","follow":"follow","max-snippet":"max-snippet:-1","max-image-preview":"max-image-preview:large","max-video-preview":"max-video-preview:-1"},"canonical":"https:\/\/visitnoordbeveland.nl\/de\/wielrennen\/","og_locale":"de_DE","og_type":"article","og_title":"WIELRENNEN","og_description":"WIELRENNEN TOURCLUB DE KROON Tourclub De Kroon is in 1985 opgericht. De oprichting is tot stand gekomen aan de bar van HCR De Kroon te Wissenkerke, waar op een zaterdagavond door Peter de Looff het idee werd geopperd om maar eens een fietsclub op te richten. Na de eerste rit werden al snel meerdere enthousiaste [&hellip;]","og_url":"https:\/\/visitnoordbeveland.nl\/de\/wielrennen\/","og_site_name":"Visit Noord-Beveland","article_modified_time":"2024-12-13T20:46:59+00:00","twitter_card":"summary_large_image","twitter_misc":{"Gesch\u00e4tzte Lesezeit":"1 Minute"},"schema":{"@context":"https:\/\/schema.org","@graph":[{"@type":"WebPage","@id":"https:\/\/visitnoordbeveland.nl\/wielrennen\/","url":"https:\/\/visitnoordbeveland.nl\/wielrennen\/","name":"WIELRENNEN &#8211; Visit Noord-Beveland","isPartOf":{"@id":"https:\/\/visitnoordbeveland.nl\/#website"},"datePublished":"2021-01-19T10:04:04+00:00","dateModified":"2024-12-13T20:46:59+00:00","breadcrumb":{"@id":"https:\/\/visitnoordbeveland.nl\/wielrennen\/#breadcrumb"},"inLanguage":"de","potentialAction":[{"@type":"ReadAction","target":["https:\/\/visitnoordbeveland.nl\/wielrennen\/"]}]},{"@type":"BreadcrumbList","@id":"https:\/\/visitnoordbeveland.nl\/wielrennen\/#breadcrumb","itemListElement":[{"@type":"ListItem","position":1,"name":"Home","item":"https:\/\/visitnoordbeveland.nl\/"},{"@type":"ListItem","position":2,"name":"WIELRENNEN"}]},{"@type":"WebSite","@id":"https:\/\/visitnoordbeveland.nl\/#website","url":"https:\/\/visitnoordbeveland.nl\/","name":"Visit Noord-Beveland","description":"","potentialAction":[{"@type":"SearchAction","target":{"@type":"EntryPoint","urlTemplate":"https:\/\/visitnoordbeveland.nl\/?s={search_term_string}"},"query-input":{"@type":"PropertyValueSpecification","valueRequired":true,"valueName":"search_term_string"}}],"inLanguage":"de"}]}},"_links":{"self":[{"href":"https:\/\/visitnoordbeveland.nl\/de\/wp-json\/wp\/v2\/pages\/3261","targetHints":{"allow":["GET"]}}],"collection":[{"href":"https:\/\/visitnoordbeveland.nl\/de\/wp-json\/wp\/v2\/pages"}],"about":[{"href":"https:\/\/visitnoordbeveland.nl\/de\/wp-json\/wp\/v2\/types\/page"}],"author":[{"embeddable":true,"href":"https:\/\/visitnoordbeveland.nl\/de\/wp-json\/wp\/v2\/users\/1"}],"replies":[{"embeddable":true,"href":"https:\/\/visitnoordbeveland.nl\/de\/wp-json\/wp\/v2\/comments?post=3261"}],"version-history":[{"count":3,"href":"https:\/\/visitnoordbeveland.nl\/de\/wp-json\/wp\/v2\/pages\/3261\/revisions"}],"predecessor-version":[{"id":11831,"href":"https:\/\/visitnoordbeveland.nl\/de\/wp-json\/wp\/v2\/pages\/3261\/revisions\/11831"}],"wp:attachment":[{"href":"https:\/\/visitnoordbeveland.nl\/de\/wp-json\/wp\/v2\/media?parent=3261"}],"curies":[{"name":"wp","href":"https:\/\/api.w.org\/{rel}","templated":true}]}}