{"id":3270,"date":"2021-01-19T11:04:42","date_gmt":"2021-01-19T10:04:42","guid":{"rendered":"https:\/\/visitnoordbeveland.nl\/?page_id=3270"},"modified":"2024-12-13T21:54:18","modified_gmt":"2024-12-13T20:54:18","slug":"tennis-badminton","status":"publish","type":"page","link":"https:\/\/visitnoordbeveland.nl\/de\/tennis-badminton\/","title":{"rendered":"TENNIS \/ BADMINTON"},"content":{"rendered":"<div data-elementor-type=\"wp-page\" data-elementor-id=\"3270\" class=\"elementor elementor-3270\" data-elementor-post-type=\"page\">\n\t\t\t\t\t\t<section class=\"elementor-section elementor-top-section elementor-element elementor-element-9c43afa elementor-section-content-top elementor-section-boxed elementor-section-height-default elementor-section-height-default\" data-id=\"9c43afa\" data-element_type=\"section\" data-e-type=\"section\" data-settings=\"{&quot;background_background&quot;:&quot;classic&quot;}\">\n\t\t\t\t\t\t<div class=\"elementor-container elementor-column-gap-default\">\n\t\t\t\t\t<div class=\"elementor-column elementor-col-100 elementor-top-column elementor-element elementor-element-1d5020b\" data-id=\"1d5020b\" data-element_type=\"column\" data-e-type=\"column\">\n\t\t\t<div class=\"elementor-widget-wrap elementor-element-populated\">\n\t\t\t\t\t\t<div class=\"elementor-element elementor-element-21c5ed4 elementor-widget elementor-widget-heading\" data-id=\"21c5ed4\" data-element_type=\"widget\" data-e-type=\"widget\" data-widget_type=\"heading.default\">\n\t\t\t\t<div class=\"elementor-widget-container\">\n\t\t\t\t\t<h2 class=\"elementor-heading-title elementor-size-large\">tennis \/ badminton<\/h2>\t\t\t\t<\/div>\n\t\t\t\t<\/div>\n\t\t\t\t\t<\/div>\n\t\t<\/div>\n\t\t\t\t\t<\/div>\n\t\t<\/section>\n\t\t\t\t<section class=\"elementor-section elementor-top-section elementor-element elementor-element-c1ff7a9 elementor-section-boxed elementor-section-height-default elementor-section-height-default\" data-id=\"c1ff7a9\" data-element_type=\"section\" data-e-type=\"section\">\n\t\t\t\t\t\t<div class=\"elementor-container elementor-column-gap-no\">\n\t\t\t\t\t<div class=\"elementor-column elementor-col-100 elementor-top-column elementor-element elementor-element-baa757a\" data-id=\"baa757a\" data-element_type=\"column\" data-e-type=\"column\" data-settings=\"{&quot;background_background&quot;:&quot;classic&quot;}\">\n\t\t\t<div class=\"elementor-widget-wrap elementor-element-populated\">\n\t\t\t\t\t\t<section class=\"elementor-section elementor-inner-section elementor-element elementor-element-a3fe5db elementor-section-boxed elementor-section-height-default elementor-section-height-default\" data-id=\"a3fe5db\" data-element_type=\"section\" data-e-type=\"section\">\n\t\t\t\t\t\t<div class=\"elementor-container elementor-column-gap-no\">\n\t\t\t\t\t<div class=\"elementor-column elementor-col-50 elementor-inner-column elementor-element elementor-element-110c981\" data-id=\"110c981\" data-element_type=\"column\" data-e-type=\"column\" data-settings=\"{&quot;background_background&quot;:&quot;classic&quot;}\">\n\t\t\t<div class=\"elementor-widget-wrap elementor-element-populated\">\n\t\t\t\t\t\t<div class=\"elementor-element elementor-element-07a56b6 elementor-widget__width-initial elementor-widget-tablet__width-initial elementor-widget elementor-widget-image\" data-id=\"07a56b6\" data-element_type=\"widget\" data-e-type=\"widget\" data-widget_type=\"image.default\">\n\t\t\t\t<div class=\"elementor-widget-container\">\n\t\t\t\t\t\t\t\t\t\t\t\t\t\t\t<img decoding=\"async\" width=\"144\" height=\"152\" src=\"data:image\/gif;base64,R0lGODlhAQABAAAAACH5BAEKAAEALAAAAAABAAEAAAICTAEAOw==\" class=\"attachment-medium size-medium wp-image-7264 lazyload\" alt=\"\" data-src=\"https:\/\/visitnoordbeveland.nl\/wp-content\/uploads\/2021\/03\/slagvast-logo-a.png\">\t\t\t\t\t\t\t\t\t\t\t\t\t\t\t<\/div>\n\t\t\t\t<\/div>\n\t\t\t\t\t<\/div>\n\t\t<\/div>\n\t\t\t\t<div class=\"elementor-column elementor-col-50 elementor-inner-column elementor-element elementor-element-cb7b37b\" data-id=\"cb7b37b\" data-element_type=\"column\" data-e-type=\"column\">\n\t\t\t<div class=\"elementor-widget-wrap elementor-element-populated\">\n\t\t\t\t\t\t<div class=\"elementor-element elementor-element-7947476 elementor-widget elementor-widget-heading\" data-id=\"7947476\" data-element_type=\"widget\" data-e-type=\"widget\" data-widget_type=\"heading.default\">\n\t\t\t\t<div class=\"elementor-widget-container\">\n\t\t\t\t\t<h3 class=\"elementor-heading-title elementor-size-large\"><a href=\"http:\/\/www.ardoer.com\/paardekreek\" target=\"_blank\">s.v. slagvast<\/a><\/h3>\t\t\t\t<\/div>\n\t\t\t\t<\/div>\n\t\t\t\t<div class=\"elementor-element elementor-element-345f5e7 elementor-widget elementor-widget-text-editor\" data-id=\"345f5e7\" data-element_type=\"widget\" data-e-type=\"widget\" data-widget_type=\"text-editor.default\">\n\t\t\t\t<div class=\"elementor-widget-container\">\n\t\t\t\t\t\t\t\t\t<div id=\"Content\"><div class=\"boxed\"><div id=\"lipsum\"><p>Unser Verein verf\u00fcgt \u00fcber 4 ganzj\u00e4hrig bespielbare Kunstrasenpl\u00e4tze. Slagvast hat auch eine eigene Sporthalle, in der Sie Tennis spielen k\u00f6nnen. Auch viele andere Aktivit\u00e4ten finden hier statt wie Badminton, Tischtennis, Gymnastikunterricht ab der Grundschule etc.<\/p><\/div><\/div><\/div>\t\t\t\t\t\t\t\t<\/div>\n\t\t\t\t<\/div>\n\t\t\t\t<div class=\"elementor-element elementor-element-b96e659 elementor-align-left elementor-mobile-align-center elementor-widget__width-inherit elementor-widget elementor-widget-button\" data-id=\"b96e659\" data-element_type=\"widget\" data-e-type=\"widget\" data-widget_type=\"button.default\">\n\t\t\t\t<div class=\"elementor-widget-container\">\n\t\t\t\t\t\t\t\t\t<div class=\"elementor-button-wrapper\">\n\t\t\t\t\t<a class=\"elementor-button elementor-button-link elementor-size-sm elementor-animation-shrink\" href=\"http:\/\/www.slagvast.nl\" target=\"_blank\">\n\t\t\t\t\t\t<span class=\"elementor-button-content-wrapper\">\n\t\t\t\t\t\t\t\t\t<span class=\"elementor-button-text\">www.slagvast.nl<\/span>\n\t\t\t\t\t<\/span>\n\t\t\t\t\t<\/a>\n\t\t\t\t<\/div>\n\t\t\t\t\t\t\t\t<\/div>\n\t\t\t\t<\/div>\n\t\t\t\t<div class=\"elementor-element elementor-element-1e7abb5 elementor-widget__width-initial elementor-widget-mobile__width-initial elementor-widget-tablet__width-initial elementor-position-inline-start elementor-view-default elementor-mobile-position-block-start elementor-widget elementor-widget-icon-box\" data-id=\"1e7abb5\" data-element_type=\"widget\" data-e-type=\"widget\" data-settings=\"{&quot;_animation&quot;:&quot;none&quot;}\" data-widget_type=\"icon-box.default\">\n\t\t\t\t<div class=\"elementor-widget-container\">\n\t\t\t\t\t\t\t<div class=\"elementor-icon-box-wrapper\">\n\n\t\t\t\t\t\t<div class=\"elementor-icon-box-icon\">\n\t\t\t\t<a href=\"https:\/\/goo.gl\/maps\/sEYr7nrfqLrpod6X8\" target=\"_blank\" class=\"elementor-icon elementor-animation-shrink\" tabindex=\"-1\" aria-label=\"Kamperland\">\n\t\t\t\t<i aria-hidden=\"true\" class=\"fas fa-car-alt\"><\/i>\t\t\t\t<\/a>\n\t\t\t<\/div>\n\t\t\t\n\t\t\t\t\t\t<div class=\"elementor-icon-box-content\">\n\n\t\t\t\t\t\t\t\t\t<h1 class=\"elementor-icon-box-title\">\n\t\t\t\t\t\t<a href=\"https:\/\/goo.gl\/maps\/sEYr7nrfqLrpod6X8\" target=\"_blank\" >\n\t\t\t\t\t\t\tKamperland\t\t\t\t\t\t<\/a>\n\t\t\t\t\t<\/h1>\n\t\t\t\t\n\t\t\t\t\n\t\t\t<\/div>\n\t\t\t\n\t\t<\/div>\n\t\t\t\t\t\t<\/div>\n\t\t\t\t<\/div>\n\t\t\t\t<div class=\"elementor-element elementor-element-2183be2 elementor-widget__width-initial elementor-widget-mobile__width-initial elementor-widget-tablet__width-initial elementor-position-inline-start elementor-view-default elementor-mobile-position-block-start elementor-widget elementor-widget-icon-box\" data-id=\"2183be2\" data-element_type=\"widget\" data-e-type=\"widget\" data-widget_type=\"icon-box.default\">\n\t\t\t\t<div class=\"elementor-widget-container\">\n\t\t\t\t\t\t\t<div class=\"elementor-icon-box-wrapper\">\n\n\t\t\t\t\t\t<div class=\"elementor-icon-box-icon\">\n\t\t\t\t<a href=\"tel:+31113372366\" class=\"elementor-icon elementor-animation-shrink\" tabindex=\"-1\" aria-label=\"+31(0)113-372366\u200b\">\n\t\t\t\t<i aria-hidden=\"true\" class=\"fas fa-phone-alt\"><\/i>\t\t\t\t<\/a>\n\t\t\t<\/div>\n\t\t\t\n\t\t\t\t\t\t<div class=\"elementor-icon-box-content\">\n\n\t\t\t\t\t\t\t\t\t<h1 class=\"elementor-icon-box-title\">\n\t\t\t\t\t\t<a href=\"tel:+31113372366\" >\n\t\t\t\t\t\t\t+31(0)113-372366\u200b\t\t\t\t\t\t<\/a>\n\t\t\t\t\t<\/h1>\n\t\t\t\t\n\t\t\t\t\n\t\t\t<\/div>\n\t\t\t\n\t\t<\/div>\n\t\t\t\t\t\t<\/div>\n\t\t\t\t<\/div>\n\t\t\t\t\t<\/div>\n\t\t<\/div>\n\t\t\t\t\t<\/div>\n\t\t<\/section>\n\t\t\t\t\t<\/div>\n\t\t<\/div>\n\t\t\t\t\t<\/div>\n\t\t<\/section>\n\t\t\t\t<section class=\"elementor-section elementor-top-section elementor-element elementor-element-ccbf79a elementor-section-boxed elementor-section-height-default elementor-section-height-default\" data-id=\"ccbf79a\" data-element_type=\"section\" data-e-type=\"section\">\n\t\t\t\t\t\t<div class=\"elementor-container elementor-column-gap-no\">\n\t\t\t\t\t<div class=\"elementor-column elementor-col-100 elementor-top-column elementor-element elementor-element-eef5843\" data-id=\"eef5843\" data-element_type=\"column\" data-e-type=\"column\" data-settings=\"{&quot;background_background&quot;:&quot;classic&quot;}\">\n\t\t\t<div class=\"elementor-widget-wrap elementor-element-populated\">\n\t\t\t\t\t\t<section class=\"elementor-section elementor-inner-section elementor-element elementor-element-16d61c6 elementor-section-boxed elementor-section-height-default elementor-section-height-default\" data-id=\"16d61c6\" data-element_type=\"section\" data-e-type=\"section\">\n\t\t\t\t\t\t<div class=\"elementor-container elementor-column-gap-no\">\n\t\t\t\t\t<div class=\"elementor-column elementor-col-50 elementor-inner-column elementor-element elementor-element-b12f009\" data-id=\"b12f009\" data-element_type=\"column\" data-e-type=\"column\" data-settings=\"{&quot;background_background&quot;:&quot;classic&quot;}\">\n\t\t\t<div class=\"elementor-widget-wrap elementor-element-populated\">\n\t\t\t\t\t\t<div class=\"elementor-element elementor-element-5cff71f elementor-widget__width-initial elementor-widget-tablet__width-initial elementor-widget-mobile__width-initial elementor-widget elementor-widget-image\" data-id=\"5cff71f\" data-element_type=\"widget\" data-e-type=\"widget\" data-widget_type=\"image.default\">\n\t\t\t\t<div class=\"elementor-widget-container\">\n\t\t\t\t\t\t\t\t\t\t\t\t\t\t\t<img fetchpriority=\"high\" decoding=\"async\" width=\"300\" height=\"202\" src=\"data:image\/gif;base64,R0lGODlhAQABAAAAACH5BAEKAAEALAAAAAABAAEAAAICTAEAOw==\" class=\"attachment-medium size-medium wp-image-6872 lazyload\" alt=\"\" data-src=\"https:\/\/visitnoordbeveland.nl\/wp-content\/uploads\/2021\/03\/tennis-colijn-aa.jpg\">\t\t\t\t\t\t\t\t\t\t\t\t\t\t\t<\/div>\n\t\t\t\t<\/div>\n\t\t\t\t\t<\/div>\n\t\t<\/div>\n\t\t\t\t<div class=\"elementor-column elementor-col-50 elementor-inner-column elementor-element elementor-element-5a2c956\" data-id=\"5a2c956\" data-element_type=\"column\" data-e-type=\"column\">\n\t\t\t<div class=\"elementor-widget-wrap elementor-element-populated\">\n\t\t\t\t\t\t<div class=\"elementor-element elementor-element-665320c elementor-widget elementor-widget-heading\" data-id=\"665320c\" data-element_type=\"widget\" data-e-type=\"widget\" data-widget_type=\"heading.default\">\n\t\t\t\t<div class=\"elementor-widget-container\">\n\t\t\t\t\t<h3 class=\"elementor-heading-title elementor-size-large\"><a href=\"http:\/\/www.ardoer.com\/paardekreek\" target=\"_blank\">Tennisverein colijnsplaat<\/a><\/h3>\t\t\t\t<\/div>\n\t\t\t\t<\/div>\n\t\t\t\t<div class=\"elementor-element elementor-element-0aa9f86 elementor-widget elementor-widget-text-editor\" data-id=\"0aa9f86\" data-element_type=\"widget\" data-e-type=\"widget\" data-widget_type=\"text-editor.default\">\n\t\t\t\t<div class=\"elementor-widget-container\">\n\t\t\t\t\t\t\t\t\t<div id=\"Content\"><div class=\"boxed\"><div id=\"lipsum\"><p>Der Verein ist (noch) nicht dem nationalen Tennisverband angeschlossen und ist somit ein Freizeitverein, der mit eigenen Mitgliedern und einem eigenen Vorstand operiert. Neben dem pers\u00f6nlichen Gebrauch werden Arbeitspl\u00e4tze zur Miete an Nichtmitglieder und Touristen angeboten, die sich in Colijnsplaat und Umgebung aufhalten.<\/p><\/div><\/div><\/div>\t\t\t\t\t\t\t\t<\/div>\n\t\t\t\t<\/div>\n\t\t\t\t<div class=\"elementor-element elementor-element-8cd371c elementor-align-left elementor-mobile-align-center elementor-widget__width-inherit elementor-widget elementor-widget-button\" data-id=\"8cd371c\" data-element_type=\"widget\" data-e-type=\"widget\" data-widget_type=\"button.default\">\n\t\t\t\t<div class=\"elementor-widget-container\">\n\t\t\t\t\t\t\t\t\t<div class=\"elementor-button-wrapper\">\n\t\t\t\t\t<a class=\"elementor-button elementor-button-link elementor-size-sm elementor-animation-shrink\" href=\"http:\/\/www.tennisverenigingcolijnsplaat.nl\" target=\"_blank\">\n\t\t\t\t\t\t<span class=\"elementor-button-content-wrapper\">\n\t\t\t\t\t\t\t\t\t<span class=\"elementor-button-text\">www.tennisverenigingcolijnsplaat.nl<\/span>\n\t\t\t\t\t<\/span>\n\t\t\t\t\t<\/a>\n\t\t\t\t<\/div>\n\t\t\t\t\t\t\t\t<\/div>\n\t\t\t\t<\/div>\n\t\t\t\t<div class=\"elementor-element elementor-element-cd70449 elementor-widget__width-initial elementor-widget-mobile__width-initial elementor-widget-tablet__width-initial elementor-position-inline-start elementor-view-default elementor-mobile-position-block-start elementor-widget elementor-widget-icon-box\" data-id=\"cd70449\" data-element_type=\"widget\" data-e-type=\"widget\" data-settings=\"{&quot;_animation&quot;:&quot;none&quot;}\" data-widget_type=\"icon-box.default\">\n\t\t\t\t<div class=\"elementor-widget-container\">\n\t\t\t\t\t\t\t<div class=\"elementor-icon-box-wrapper\">\n\n\t\t\t\t\t\t<div class=\"elementor-icon-box-icon\">\n\t\t\t\t<a href=\"https:\/\/goo.gl\/maps\/H5CyoJdiyc6XAzyeA\" target=\"_blank\" class=\"elementor-icon elementor-animation-shrink\" tabindex=\"-1\" aria-label=\"Colijnsplaat\">\n\t\t\t\t<i aria-hidden=\"true\" class=\"fas fa-car-alt\"><\/i>\t\t\t\t<\/a>\n\t\t\t<\/div>\n\t\t\t\n\t\t\t\t\t\t<div class=\"elementor-icon-box-content\">\n\n\t\t\t\t\t\t\t\t\t<h1 class=\"elementor-icon-box-title\">\n\t\t\t\t\t\t<a href=\"https:\/\/goo.gl\/maps\/H5CyoJdiyc6XAzyeA\" target=\"_blank\" >\n\t\t\t\t\t\t\tColijnsplaat\t\t\t\t\t\t<\/a>\n\t\t\t\t\t<\/h1>\n\t\t\t\t\n\t\t\t\t\n\t\t\t<\/div>\n\t\t\t\n\t\t<\/div>\n\t\t\t\t\t\t<\/div>\n\t\t\t\t<\/div>\n\t\t\t\t<div class=\"elementor-element elementor-element-dbdb213 elementor-widget__width-initial elementor-widget-mobile__width-initial elementor-widget-tablet__width-initial elementor-position-inline-start elementor-view-default elementor-mobile-position-block-start elementor-widget elementor-widget-icon-box\" data-id=\"dbdb213\" data-element_type=\"widget\" data-e-type=\"widget\" data-widget_type=\"icon-box.default\">\n\t\t\t\t<div class=\"elementor-widget-container\">\n\t\t\t\t\t\t\t<div class=\"elementor-icon-box-wrapper\">\n\n\t\t\t\t\t\t<div class=\"elementor-icon-box-icon\">\n\t\t\t\t<a href=\"https:\/\/www.tennisverenigingcolijnsplaat.nl\/contactformulier\/\" class=\"elementor-icon elementor-animation-shrink\" tabindex=\"-1\" aria-label=\"Kontakt Formular\">\n\t\t\t\t<i aria-hidden=\"true\" class=\"fas fa-envelope\"><\/i>\t\t\t\t<\/a>\n\t\t\t<\/div>\n\t\t\t\n\t\t\t\t\t\t<div class=\"elementor-icon-box-content\">\n\n\t\t\t\t\t\t\t\t\t<h1 class=\"elementor-icon-box-title\">\n\t\t\t\t\t\t<a href=\"https:\/\/www.tennisverenigingcolijnsplaat.nl\/contactformulier\/\" >\n\t\t\t\t\t\t\tKontakt Formular\t\t\t\t\t\t<\/a>\n\t\t\t\t\t<\/h1>\n\t\t\t\t\n\t\t\t\t\n\t\t\t<\/div>\n\t\t\t\n\t\t<\/div>\n\t\t\t\t\t\t<\/div>\n\t\t\t\t<\/div>\n\t\t\t\t\t<\/div>\n\t\t<\/div>\n\t\t\t\t\t<\/div>\n\t\t<\/section>\n\t\t\t\t\t<\/div>\n\t\t<\/div>\n\t\t\t\t\t<\/div>\n\t\t<\/section>\n\t\t\t\t<\/div>","protected":false},"excerpt":{"rendered":"<p>tennis \/ badminton s.v. slagvast Onze vereniging beschikt over 4 kunstgrasbanen waar het gehele jaar op gespeeld kan worden. Tevens heeft Slagvast ook een eigen sporthal waarin kan worden getennist. Ook vinden hier tal van andere activiteiten plaats zoals badminton, tafeltennis, gymnastieklessen van de basisschool etc. www.slagvast.nl Kamperland +31(0)113-372366\u200b tennisvereniging colijnsplaat De vereniging is (nog) [&hellip;]<\/p>\n","protected":false},"author":1,"featured_media":0,"parent":0,"menu_order":0,"comment_status":"closed","ping_status":"closed","template":"","meta":{"site-sidebar-layout":"no-sidebar","site-content-layout":"page-builder","ast-site-content-layout":"default","site-content-style":"default","site-sidebar-style":"default","ast-global-header-display":"","ast-banner-title-visibility":"","ast-main-header-display":"","ast-hfb-above-header-display":"","ast-hfb-below-header-display":"","ast-hfb-mobile-header-display":"","site-post-title":"disabled","ast-breadcrumbs-content":"","ast-featured-img":"disabled","footer-sml-layout":"","ast-disable-related-posts":"","theme-transparent-header-meta":"default","adv-header-id-meta":"","stick-header-meta":"","header-above-stick-meta":"","header-main-stick-meta":"","header-below-stick-meta":"","astra-migrate-meta-layouts":"default","ast-page-background-enabled":"default","ast-page-background-meta":{"desktop":{"background-color":"","background-image":"","background-repeat":"repeat","background-position":"center center","background-size":"auto","background-attachment":"scroll","background-type":"","background-media":"","overlay-type":"","overlay-color":"","overlay-opacity":"","overlay-gradient":""},"tablet":{"background-color":"","background-image":"","background-repeat":"repeat","background-position":"center center","background-size":"auto","background-attachment":"scroll","background-type":"","background-media":"","overlay-type":"","overlay-color":"","overlay-opacity":"","overlay-gradient":""},"mobile":{"background-color":"","background-image":"","background-repeat":"repeat","background-position":"center center","background-size":"auto","background-attachment":"scroll","background-type":"","background-media":"","overlay-type":"","overlay-color":"","overlay-opacity":"","overlay-gradient":""}},"ast-content-background-meta":{"desktop":{"background-color":"var(--ast-global-color-5)","background-image":"","background-repeat":"repeat","background-position":"center center","background-size":"auto","background-attachment":"scroll","background-type":"","background-media":"","overlay-type":"","overlay-color":"","overlay-opacity":"","overlay-gradient":""},"tablet":{"background-color":"var(--ast-global-color-5)","background-image":"","background-repeat":"repeat","background-position":"center center","background-size":"auto","background-attachment":"scroll","background-type":"","background-media":"","overlay-type":"","overlay-color":"","overlay-opacity":"","overlay-gradient":""},"mobile":{"background-color":"var(--ast-global-color-5)","background-image":"","background-repeat":"repeat","background-position":"center center","background-size":"auto","background-attachment":"scroll","background-type":"","background-media":"","overlay-type":"","overlay-color":"","overlay-opacity":"","overlay-gradient":""}},"footnotes":""},"class_list":["post-3270","page","type-page","status-publish","hentry"],"yoast_head":"<!-- This site is optimized with the Yoast SEO Premium plugin v20.5 (Yoast SEO v27.4) - https:\/\/yoast.com\/product\/yoast-seo-premium-wordpress\/ -->\n<title>TENNIS \/ BADMINTON &#8211; Visit Noord-Beveland<\/title>\n<meta name=\"robots\" content=\"index, follow, max-snippet:-1, max-image-preview:large, max-video-preview:-1\" \/>\n<link rel=\"canonical\" href=\"https:\/\/visitnoordbeveland.nl\/de\/tennis-badminton\/\" \/>\n<meta property=\"og:locale\" content=\"de_DE\" \/>\n<meta property=\"og:type\" content=\"article\" \/>\n<meta property=\"og:title\" content=\"TENNIS \/ BADMINTON\" \/>\n<meta property=\"og:description\" content=\"tennis \/ badminton s.v. slagvast Onze vereniging beschikt over 4 kunstgrasbanen waar het gehele jaar op gespeeld kan worden. Tevens heeft Slagvast ook een eigen sporthal waarin kan worden getennist. Ook vinden hier tal van andere activiteiten plaats zoals badminton, tafeltennis, gymnastieklessen van de basisschool etc. www.slagvast.nl Kamperland +31(0)113-372366\u200b tennisvereniging colijnsplaat De vereniging is (nog) [&hellip;]\" \/>\n<meta property=\"og:url\" content=\"https:\/\/visitnoordbeveland.nl\/de\/tennis-badminton\/\" \/>\n<meta property=\"og:site_name\" content=\"Visit Noord-Beveland\" \/>\n<meta property=\"article:modified_time\" content=\"2024-12-13T20:54:18+00:00\" \/>\n<meta property=\"og:image\" content=\"https:\/\/visitnoordbeveland.nl\/wp-content\/uploads\/2021\/03\/slagvast-logo-a.png\" \/>\n\t<meta property=\"og:image:width\" content=\"144\" \/>\n\t<meta property=\"og:image:height\" content=\"152\" \/>\n\t<meta property=\"og:image:type\" content=\"image\/png\" \/>\n<meta name=\"twitter:card\" content=\"summary_large_image\" \/>\n<meta name=\"twitter:label1\" content=\"Gesch\u00e4tzte Lesezeit\" \/>\n\t<meta name=\"twitter:data1\" content=\"1 Minute\" \/>\n<script type=\"application\/ld+json\" class=\"yoast-schema-graph\">{\"@context\":\"https:\\\/\\\/schema.org\",\"@graph\":[{\"@type\":\"WebPage\",\"@id\":\"https:\\\/\\\/visitnoordbeveland.nl\\\/tennis-badminton\\\/\",\"url\":\"https:\\\/\\\/visitnoordbeveland.nl\\\/tennis-badminton\\\/\",\"name\":\"TENNIS \\\/ BADMINTON &#8211; Visit Noord-Beveland\",\"isPartOf\":{\"@id\":\"https:\\\/\\\/visitnoordbeveland.nl\\\/#website\"},\"primaryImageOfPage\":{\"@id\":\"https:\\\/\\\/visitnoordbeveland.nl\\\/tennis-badminton\\\/#primaryimage\"},\"image\":{\"@id\":\"https:\\\/\\\/visitnoordbeveland.nl\\\/tennis-badminton\\\/#primaryimage\"},\"thumbnailUrl\":\"https:\\\/\\\/visitnoordbeveland.nl\\\/wp-content\\\/uploads\\\/2021\\\/03\\\/slagvast-logo-a.png\",\"datePublished\":\"2021-01-19T10:04:42+00:00\",\"dateModified\":\"2024-12-13T20:54:18+00:00\",\"breadcrumb\":{\"@id\":\"https:\\\/\\\/visitnoordbeveland.nl\\\/tennis-badminton\\\/#breadcrumb\"},\"inLanguage\":\"de\",\"potentialAction\":[{\"@type\":\"ReadAction\",\"target\":[\"https:\\\/\\\/visitnoordbeveland.nl\\\/tennis-badminton\\\/\"]}]},{\"@type\":\"ImageObject\",\"inLanguage\":\"de\",\"@id\":\"https:\\\/\\\/visitnoordbeveland.nl\\\/tennis-badminton\\\/#primaryimage\",\"url\":\"https:\\\/\\\/visitnoordbeveland.nl\\\/wp-content\\\/uploads\\\/2021\\\/03\\\/slagvast-logo-a.png\",\"contentUrl\":\"https:\\\/\\\/visitnoordbeveland.nl\\\/wp-content\\\/uploads\\\/2021\\\/03\\\/slagvast-logo-a.png\"},{\"@type\":\"BreadcrumbList\",\"@id\":\"https:\\\/\\\/visitnoordbeveland.nl\\\/tennis-badminton\\\/#breadcrumb\",\"itemListElement\":[{\"@type\":\"ListItem\",\"position\":1,\"name\":\"Home\",\"item\":\"https:\\\/\\\/visitnoordbeveland.nl\\\/\"},{\"@type\":\"ListItem\",\"position\":2,\"name\":\"TENNIS \\\/ BADMINTON\"}]},{\"@type\":\"WebSite\",\"@id\":\"https:\\\/\\\/visitnoordbeveland.nl\\\/#website\",\"url\":\"https:\\\/\\\/visitnoordbeveland.nl\\\/\",\"name\":\"Visit Noord-Beveland\",\"description\":\"\",\"potentialAction\":[{\"@type\":\"SearchAction\",\"target\":{\"@type\":\"EntryPoint\",\"urlTemplate\":\"https:\\\/\\\/visitnoordbeveland.nl\\\/?s={search_term_string}\"},\"query-input\":{\"@type\":\"PropertyValueSpecification\",\"valueRequired\":true,\"valueName\":\"search_term_string\"}}],\"inLanguage\":\"de\"}]}<\/script>\n<!-- \/ Yoast SEO Premium plugin. -->","yoast_head_json":{"title":"TENNIS \/ BADMINTON &#8211; Visit Noord-Beveland","robots":{"index":"index","follow":"follow","max-snippet":"max-snippet:-1","max-image-preview":"max-image-preview:large","max-video-preview":"max-video-preview:-1"},"canonical":"https:\/\/visitnoordbeveland.nl\/de\/tennis-badminton\/","og_locale":"de_DE","og_type":"article","og_title":"TENNIS \/ BADMINTON","og_description":"tennis \/ badminton s.v. slagvast Onze vereniging beschikt over 4 kunstgrasbanen waar het gehele jaar op gespeeld kan worden. Tevens heeft Slagvast ook een eigen sporthal waarin kan worden getennist. Ook vinden hier tal van andere activiteiten plaats zoals badminton, tafeltennis, gymnastieklessen van de basisschool etc. www.slagvast.nl Kamperland +31(0)113-372366\u200b tennisvereniging colijnsplaat De vereniging is (nog) [&hellip;]","og_url":"https:\/\/visitnoordbeveland.nl\/de\/tennis-badminton\/","og_site_name":"Visit Noord-Beveland","article_modified_time":"2024-12-13T20:54:18+00:00","og_image":[{"width":144,"height":152,"url":"https:\/\/visitnoordbeveland.nl\/wp-content\/uploads\/2021\/03\/slagvast-logo-a.png","type":"image\/png"}],"twitter_card":"summary_large_image","twitter_misc":{"Gesch\u00e4tzte Lesezeit":"1 Minute"},"schema":{"@context":"https:\/\/schema.org","@graph":[{"@type":"WebPage","@id":"https:\/\/visitnoordbeveland.nl\/tennis-badminton\/","url":"https:\/\/visitnoordbeveland.nl\/tennis-badminton\/","name":"TENNIS \/ BADMINTON &#8211; Visit Noord-Beveland","isPartOf":{"@id":"https:\/\/visitnoordbeveland.nl\/#website"},"primaryImageOfPage":{"@id":"https:\/\/visitnoordbeveland.nl\/tennis-badminton\/#primaryimage"},"image":{"@id":"https:\/\/visitnoordbeveland.nl\/tennis-badminton\/#primaryimage"},"thumbnailUrl":"https:\/\/visitnoordbeveland.nl\/wp-content\/uploads\/2021\/03\/slagvast-logo-a.png","datePublished":"2021-01-19T10:04:42+00:00","dateModified":"2024-12-13T20:54:18+00:00","breadcrumb":{"@id":"https:\/\/visitnoordbeveland.nl\/tennis-badminton\/#breadcrumb"},"inLanguage":"de","potentialAction":[{"@type":"ReadAction","target":["https:\/\/visitnoordbeveland.nl\/tennis-badminton\/"]}]},{"@type":"ImageObject","inLanguage":"de","@id":"https:\/\/visitnoordbeveland.nl\/tennis-badminton\/#primaryimage","url":"https:\/\/visitnoordbeveland.nl\/wp-content\/uploads\/2021\/03\/slagvast-logo-a.png","contentUrl":"https:\/\/visitnoordbeveland.nl\/wp-content\/uploads\/2021\/03\/slagvast-logo-a.png"},{"@type":"BreadcrumbList","@id":"https:\/\/visitnoordbeveland.nl\/tennis-badminton\/#breadcrumb","itemListElement":[{"@type":"ListItem","position":1,"name":"Home","item":"https:\/\/visitnoordbeveland.nl\/"},{"@type":"ListItem","position":2,"name":"TENNIS \/ BADMINTON"}]},{"@type":"WebSite","@id":"https:\/\/visitnoordbeveland.nl\/#website","url":"https:\/\/visitnoordbeveland.nl\/","name":"Visit Noord-Beveland","description":"","potentialAction":[{"@type":"SearchAction","target":{"@type":"EntryPoint","urlTemplate":"https:\/\/visitnoordbeveland.nl\/?s={search_term_string}"},"query-input":{"@type":"PropertyValueSpecification","valueRequired":true,"valueName":"search_term_string"}}],"inLanguage":"de"}]}},"_links":{"self":[{"href":"https:\/\/visitnoordbeveland.nl\/de\/wp-json\/wp\/v2\/pages\/3270","targetHints":{"allow":["GET"]}}],"collection":[{"href":"https:\/\/visitnoordbeveland.nl\/de\/wp-json\/wp\/v2\/pages"}],"about":[{"href":"https:\/\/visitnoordbeveland.nl\/de\/wp-json\/wp\/v2\/types\/page"}],"author":[{"embeddable":true,"href":"https:\/\/visitnoordbeveland.nl\/de\/wp-json\/wp\/v2\/users\/1"}],"replies":[{"embeddable":true,"href":"https:\/\/visitnoordbeveland.nl\/de\/wp-json\/wp\/v2\/comments?post=3270"}],"version-history":[{"count":3,"href":"https:\/\/visitnoordbeveland.nl\/de\/wp-json\/wp\/v2\/pages\/3270\/revisions"}],"predecessor-version":[{"id":11843,"href":"https:\/\/visitnoordbeveland.nl\/de\/wp-json\/wp\/v2\/pages\/3270\/revisions\/11843"}],"wp:attachment":[{"href":"https:\/\/visitnoordbeveland.nl\/de\/wp-json\/wp\/v2\/media?parent=3270"}],"curies":[{"name":"wp","href":"https:\/\/api.w.org\/{rel}","templated":true}]}}