{"id":3273,"date":"2021-01-19T11:04:53","date_gmt":"2021-01-19T10:04:53","guid":{"rendered":"https:\/\/visitnoordbeveland.nl\/?page_id=3273"},"modified":"2024-12-13T21:47:59","modified_gmt":"2024-12-13T20:47:59","slug":"watersport","status":"publish","type":"page","link":"https:\/\/visitnoordbeveland.nl\/de\/watersport\/","title":{"rendered":"WASSERFAHRT"},"content":{"rendered":"<div data-elementor-type=\"wp-page\" data-elementor-id=\"3273\" class=\"elementor elementor-3273\" data-elementor-post-type=\"page\">\n\t\t\t\t\t\t<section class=\"elementor-section elementor-top-section elementor-element elementor-element-891279d elementor-section-content-top elementor-section-boxed elementor-section-height-default elementor-section-height-default\" data-id=\"891279d\" data-element_type=\"section\" data-e-type=\"section\" data-settings=\"{&quot;background_background&quot;:&quot;classic&quot;}\">\n\t\t\t\t\t\t<div class=\"elementor-container elementor-column-gap-default\">\n\t\t\t\t\t<div class=\"elementor-column elementor-col-100 elementor-top-column elementor-element elementor-element-e9d2e5b\" data-id=\"e9d2e5b\" data-element_type=\"column\" data-e-type=\"column\">\n\t\t\t<div class=\"elementor-widget-wrap elementor-element-populated\">\n\t\t\t\t\t\t<div class=\"elementor-element elementor-element-2b83389 elementor-widget elementor-widget-heading\" data-id=\"2b83389\" data-element_type=\"widget\" data-e-type=\"widget\" data-widget_type=\"heading.default\">\n\t\t\t\t<div class=\"elementor-widget-container\">\n\t\t\t\t\t<h2 class=\"elementor-heading-title elementor-size-large\">WASSERFAHRT<\/h2>\t\t\t\t<\/div>\n\t\t\t\t<\/div>\n\t\t\t\t\t<\/div>\n\t\t<\/div>\n\t\t\t\t\t<\/div>\n\t\t<\/section>\n\t\t\t\t<section class=\"elementor-section elementor-top-section elementor-element elementor-element-6c09ed6 elementor-section-boxed elementor-section-height-default elementor-section-height-default\" data-id=\"6c09ed6\" data-element_type=\"section\" data-e-type=\"section\">\n\t\t\t\t\t\t<div class=\"elementor-container elementor-column-gap-no\">\n\t\t\t\t\t<div class=\"elementor-column elementor-col-100 elementor-top-column elementor-element elementor-element-912d221\" data-id=\"912d221\" data-element_type=\"column\" data-e-type=\"column\" data-settings=\"{&quot;background_background&quot;:&quot;classic&quot;}\">\n\t\t\t<div class=\"elementor-widget-wrap elementor-element-populated\">\n\t\t\t\t\t\t<section class=\"elementor-section elementor-inner-section elementor-element elementor-element-e4cadc3 elementor-section-boxed elementor-section-height-default elementor-section-height-default\" data-id=\"e4cadc3\" data-element_type=\"section\" data-e-type=\"section\">\n\t\t\t\t\t\t<div class=\"elementor-container elementor-column-gap-no\">\n\t\t\t\t\t<div class=\"elementor-column elementor-col-100 elementor-inner-column elementor-element elementor-element-d0845f4\" data-id=\"d0845f4\" data-element_type=\"column\" data-e-type=\"column\">\n\t\t\t<div class=\"elementor-widget-wrap elementor-element-populated\">\n\t\t\t\t\t\t<div class=\"elementor-element elementor-element-10d57e4 elementor-widget elementor-widget-heading\" data-id=\"10d57e4\" data-element_type=\"widget\" data-e-type=\"widget\" data-widget_type=\"heading.default\">\n\t\t\t\t<div class=\"elementor-widget-container\">\n\t\t\t\t\t<h3 class=\"elementor-heading-title elementor-size-large\">Watersportvereniging Noord-Beveland<\/h3>\t\t\t\t<\/div>\n\t\t\t\t<\/div>\n\t\t\t\t<div class=\"elementor-element elementor-element-1dfa99b elementor-widget elementor-widget-text-editor\" data-id=\"1dfa99b\" data-element_type=\"widget\" data-e-type=\"widget\" data-widget_type=\"text-editor.default\">\n\t\t\t\t<div class=\"elementor-widget-container\">\n\t\t\t\t\t\t\t\t\t<div id=\"Content\"><div class=\"boxed\"><div id=\"lipsum\"><div class=\"cmsblock CmsStaticblockBlockDefault cmssb1 cmssb1 ri\"><div><div class=\"text\"><div class=\"inside\"><p>Der Wassersportverein Noord-Beveland ist ein aktiver Verein mit vielen Aktivit\u00e4ten, Wettk\u00e4mpfen und Traditionen. Der Verein hat ungef\u00e4hr 700 Mitglieder, von denen viele ihren Sitz in unserem Yachthafen in Colijnsplaat haben. Der Yachthafen liegt zentral an der Oosterschelde, dem gr\u00f6\u00dften Nationalpark der Niederlande!<\/p><\/div><\/div><\/div><\/div><\/div><\/div><\/div>\t\t\t\t\t\t\t\t<\/div>\n\t\t\t\t<\/div>\n\t\t\t\t<div class=\"elementor-element elementor-element-a199155 elementor-align-left elementor-mobile-align-center elementor-widget__width-inherit elementor-widget elementor-widget-button\" data-id=\"a199155\" data-element_type=\"widget\" data-e-type=\"widget\" data-widget_type=\"button.default\">\n\t\t\t\t<div class=\"elementor-widget-container\">\n\t\t\t\t\t\t\t\t\t<div class=\"elementor-button-wrapper\">\n\t\t\t\t\t<a class=\"elementor-button elementor-button-link elementor-size-sm elementor-animation-shrink\" href=\"http:\/\/www.wsvnb.nl\" target=\"_blank\">\n\t\t\t\t\t\t<span class=\"elementor-button-content-wrapper\">\n\t\t\t\t\t\t\t\t\t<span class=\"elementor-button-text\">www.wsvnb.nl<\/span>\n\t\t\t\t\t<\/span>\n\t\t\t\t\t<\/a>\n\t\t\t\t<\/div>\n\t\t\t\t\t\t\t\t<\/div>\n\t\t\t\t<\/div>\n\t\t\t\t<div class=\"elementor-element elementor-element-b55b221 elementor-widget__width-initial elementor-widget-mobile__width-initial elementor-widget-tablet__width-initial elementor-position-inline-start elementor-view-default elementor-mobile-position-block-start elementor-widget elementor-widget-icon-box\" data-id=\"b55b221\" data-element_type=\"widget\" data-e-type=\"widget\" data-settings=\"{&quot;_animation&quot;:&quot;none&quot;}\" data-widget_type=\"icon-box.default\">\n\t\t\t\t<div class=\"elementor-widget-container\">\n\t\t\t\t\t\t\t<div class=\"elementor-icon-box-wrapper\">\n\n\t\t\t\t\t\t<div class=\"elementor-icon-box-icon\">\n\t\t\t\t<a href=\"https:\/\/goo.gl\/maps\/GJiGooZ9Nbm51wuw5\" target=\"_blank\" class=\"elementor-icon elementor-animation-shrink\" tabindex=\"-1\" aria-label=\"Colijnsplaat\">\n\t\t\t\t<i aria-hidden=\"true\" class=\"fas fa-car-alt\"><\/i>\t\t\t\t<\/a>\n\t\t\t<\/div>\n\t\t\t\n\t\t\t\t\t\t<div class=\"elementor-icon-box-content\">\n\n\t\t\t\t\t\t\t\t\t<h1 class=\"elementor-icon-box-title\">\n\t\t\t\t\t\t<a href=\"https:\/\/goo.gl\/maps\/GJiGooZ9Nbm51wuw5\" target=\"_blank\" >\n\t\t\t\t\t\t\tColijnsplaat\t\t\t\t\t\t<\/a>\n\t\t\t\t\t<\/h1>\n\t\t\t\t\n\t\t\t\t\n\t\t\t<\/div>\n\t\t\t\n\t\t<\/div>\n\t\t\t\t\t\t<\/div>\n\t\t\t\t<\/div>\n\t\t\t\t<div class=\"elementor-element elementor-element-64aa946 elementor-widget__width-initial elementor-widget-mobile__width-initial elementor-widget-tablet__width-initial elementor-position-inline-start elementor-view-default elementor-mobile-position-block-start elementor-widget elementor-widget-icon-box\" data-id=\"64aa946\" data-element_type=\"widget\" data-e-type=\"widget\" data-widget_type=\"icon-box.default\">\n\t\t\t\t<div class=\"elementor-widget-container\">\n\t\t\t\t\t\t\t<div class=\"elementor-icon-box-wrapper\">\n\n\t\t\t\t\t\t<div class=\"elementor-icon-box-icon\">\n\t\t\t\t<a href=\"tel:+31113695762\" class=\"elementor-icon elementor-animation-shrink\" tabindex=\"-1\" aria-label=\"+31(0)113-695762\u200b\">\n\t\t\t\t<i aria-hidden=\"true\" class=\"fas fa-phone-alt\"><\/i>\t\t\t\t<\/a>\n\t\t\t<\/div>\n\t\t\t\n\t\t\t\t\t\t<div class=\"elementor-icon-box-content\">\n\n\t\t\t\t\t\t\t\t\t<h1 class=\"elementor-icon-box-title\">\n\t\t\t\t\t\t<a href=\"tel:+31113695762\" >\n\t\t\t\t\t\t\t+31(0)113-695762\u200b\t\t\t\t\t\t<\/a>\n\t\t\t\t\t<\/h1>\n\t\t\t\t\n\t\t\t\t\n\t\t\t<\/div>\n\t\t\t\n\t\t<\/div>\n\t\t\t\t\t\t<\/div>\n\t\t\t\t<\/div>\n\t\t\t\t\t<\/div>\n\t\t<\/div>\n\t\t\t\t\t<\/div>\n\t\t<\/section>\n\t\t\t\t\t<\/div>\n\t\t<\/div>\n\t\t\t\t\t<\/div>\n\t\t<\/section>\n\t\t\t\t<\/div>","protected":false},"excerpt":{"rendered":"<p>WATERSPORT Watersportvereniging Noord-Beveland Watersportvereniging Noord-Beveland is een actieve vereniging met veel activiteiten, wedstrijden en tradities. De vereniging heeft circa 700 leden waarvan velen thuisbasis vinden in onze jachthaven in Colijnsplaat. De jachthaven ligt centraal aan de Oosterschelde, het grootste Nationaal Park van Nederland! www.wsvnb.nl Colijnsplaat +31(0)113-695762\u200b<\/p>","protected":false},"author":1,"featured_media":0,"parent":0,"menu_order":0,"comment_status":"closed","ping_status":"closed","template":"","meta":{"site-sidebar-layout":"no-sidebar","site-content-layout":"page-builder","ast-site-content-layout":"default","site-content-style":"default","site-sidebar-style":"default","ast-global-header-display":"","ast-banner-title-visibility":"","ast-main-header-display":"","ast-hfb-above-header-display":"","ast-hfb-below-header-display":"","ast-hfb-mobile-header-display":"","site-post-title":"disabled","ast-breadcrumbs-content":"","ast-featured-img":"disabled","footer-sml-layout":"","ast-disable-related-posts":"","theme-transparent-header-meta":"default","adv-header-id-meta":"","stick-header-meta":"","header-above-stick-meta":"","header-main-stick-meta":"","header-below-stick-meta":"","astra-migrate-meta-layouts":"default","ast-page-background-enabled":"default","ast-page-background-meta":{"desktop":{"background-color":"","background-image":"","background-repeat":"repeat","background-position":"center center","background-size":"auto","background-attachment":"scroll","background-type":"","background-media":"","overlay-type":"","overlay-color":"","overlay-opacity":"","overlay-gradient":""},"tablet":{"background-color":"","background-image":"","background-repeat":"repeat","background-position":"center center","background-size":"auto","background-attachment":"scroll","background-type":"","background-media":"","overlay-type":"","overlay-color":"","overlay-opacity":"","overlay-gradient":""},"mobile":{"background-color":"","background-image":"","background-repeat":"repeat","background-position":"center center","background-size":"auto","background-attachment":"scroll","background-type":"","background-media":"","overlay-type":"","overlay-color":"","overlay-opacity":"","overlay-gradient":""}},"ast-content-background-meta":{"desktop":{"background-color":"var(--ast-global-color-5)","background-image":"","background-repeat":"repeat","background-position":"center center","background-size":"auto","background-attachment":"scroll","background-type":"","background-media":"","overlay-type":"","overlay-color":"","overlay-opacity":"","overlay-gradient":""},"tablet":{"background-color":"var(--ast-global-color-5)","background-image":"","background-repeat":"repeat","background-position":"center center","background-size":"auto","background-attachment":"scroll","background-type":"","background-media":"","overlay-type":"","overlay-color":"","overlay-opacity":"","overlay-gradient":""},"mobile":{"background-color":"var(--ast-global-color-5)","background-image":"","background-repeat":"repeat","background-position":"center center","background-size":"auto","background-attachment":"scroll","background-type":"","background-media":"","overlay-type":"","overlay-color":"","overlay-opacity":"","overlay-gradient":""}},"footnotes":""},"class_list":["post-3273","page","type-page","status-publish","hentry"],"yoast_head":"<!-- This site is optimized with the Yoast SEO Premium plugin v20.5 (Yoast SEO v27.4) - https:\/\/yoast.com\/product\/yoast-seo-premium-wordpress\/ -->\n<title>WATERSPORT &#8211; Visit Noord-Beveland<\/title>\n<meta name=\"robots\" content=\"index, follow, max-snippet:-1, max-image-preview:large, max-video-preview:-1\" \/>\n<link rel=\"canonical\" href=\"https:\/\/visitnoordbeveland.nl\/de\/watersport\/\" \/>\n<meta property=\"og:locale\" content=\"de_DE\" \/>\n<meta property=\"og:type\" content=\"article\" \/>\n<meta property=\"og:title\" content=\"WATERSPORT\" \/>\n<meta property=\"og:description\" content=\"WATERSPORT Watersportvereniging Noord-Beveland Watersportvereniging Noord-Beveland is een actieve vereniging met veel activiteiten, wedstrijden en tradities. De vereniging heeft circa 700 leden waarvan velen thuisbasis vinden in onze jachthaven in Colijnsplaat. De jachthaven ligt centraal aan de Oosterschelde, het grootste Nationaal Park van Nederland! www.wsvnb.nl Colijnsplaat +31(0)113-695762\u200b\" \/>\n<meta property=\"og:url\" content=\"https:\/\/visitnoordbeveland.nl\/de\/watersport\/\" \/>\n<meta property=\"og:site_name\" content=\"Visit Noord-Beveland\" \/>\n<meta property=\"article:modified_time\" content=\"2024-12-13T20:47:59+00:00\" \/>\n<meta name=\"twitter:card\" content=\"summary_large_image\" \/>\n<meta name=\"twitter:label1\" content=\"Gesch\u00e4tzte Lesezeit\" \/>\n\t<meta name=\"twitter:data1\" content=\"1 Minute\" \/>\n<script type=\"application\/ld+json\" class=\"yoast-schema-graph\">{\"@context\":\"https:\\\/\\\/schema.org\",\"@graph\":[{\"@type\":\"WebPage\",\"@id\":\"https:\\\/\\\/visitnoordbeveland.nl\\\/watersport\\\/\",\"url\":\"https:\\\/\\\/visitnoordbeveland.nl\\\/watersport\\\/\",\"name\":\"WATERSPORT &#8211; Visit Noord-Beveland\",\"isPartOf\":{\"@id\":\"https:\\\/\\\/visitnoordbeveland.nl\\\/#website\"},\"datePublished\":\"2021-01-19T10:04:53+00:00\",\"dateModified\":\"2024-12-13T20:47:59+00:00\",\"breadcrumb\":{\"@id\":\"https:\\\/\\\/visitnoordbeveland.nl\\\/watersport\\\/#breadcrumb\"},\"inLanguage\":\"de\",\"potentialAction\":[{\"@type\":\"ReadAction\",\"target\":[\"https:\\\/\\\/visitnoordbeveland.nl\\\/watersport\\\/\"]}]},{\"@type\":\"BreadcrumbList\",\"@id\":\"https:\\\/\\\/visitnoordbeveland.nl\\\/watersport\\\/#breadcrumb\",\"itemListElement\":[{\"@type\":\"ListItem\",\"position\":1,\"name\":\"Home\",\"item\":\"https:\\\/\\\/visitnoordbeveland.nl\\\/\"},{\"@type\":\"ListItem\",\"position\":2,\"name\":\"WATERSPORT\"}]},{\"@type\":\"WebSite\",\"@id\":\"https:\\\/\\\/visitnoordbeveland.nl\\\/#website\",\"url\":\"https:\\\/\\\/visitnoordbeveland.nl\\\/\",\"name\":\"Visit Noord-Beveland\",\"description\":\"\",\"potentialAction\":[{\"@type\":\"SearchAction\",\"target\":{\"@type\":\"EntryPoint\",\"urlTemplate\":\"https:\\\/\\\/visitnoordbeveland.nl\\\/?s={search_term_string}\"},\"query-input\":{\"@type\":\"PropertyValueSpecification\",\"valueRequired\":true,\"valueName\":\"search_term_string\"}}],\"inLanguage\":\"de\"}]}<\/script>\n<!-- \/ Yoast SEO Premium plugin. -->","yoast_head_json":{"title":"WATERSPORT &#8211; Visit Noord-Beveland","robots":{"index":"index","follow":"follow","max-snippet":"max-snippet:-1","max-image-preview":"max-image-preview:large","max-video-preview":"max-video-preview:-1"},"canonical":"https:\/\/visitnoordbeveland.nl\/de\/watersport\/","og_locale":"de_DE","og_type":"article","og_title":"WATERSPORT","og_description":"WATERSPORT Watersportvereniging Noord-Beveland Watersportvereniging Noord-Beveland is een actieve vereniging met veel activiteiten, wedstrijden en tradities. De vereniging heeft circa 700 leden waarvan velen thuisbasis vinden in onze jachthaven in Colijnsplaat. De jachthaven ligt centraal aan de Oosterschelde, het grootste Nationaal Park van Nederland! www.wsvnb.nl Colijnsplaat +31(0)113-695762\u200b","og_url":"https:\/\/visitnoordbeveland.nl\/de\/watersport\/","og_site_name":"Visit Noord-Beveland","article_modified_time":"2024-12-13T20:47:59+00:00","twitter_card":"summary_large_image","twitter_misc":{"Gesch\u00e4tzte Lesezeit":"1 Minute"},"schema":{"@context":"https:\/\/schema.org","@graph":[{"@type":"WebPage","@id":"https:\/\/visitnoordbeveland.nl\/watersport\/","url":"https:\/\/visitnoordbeveland.nl\/watersport\/","name":"WATERSPORT &#8211; Visit Noord-Beveland","isPartOf":{"@id":"https:\/\/visitnoordbeveland.nl\/#website"},"datePublished":"2021-01-19T10:04:53+00:00","dateModified":"2024-12-13T20:47:59+00:00","breadcrumb":{"@id":"https:\/\/visitnoordbeveland.nl\/watersport\/#breadcrumb"},"inLanguage":"de","potentialAction":[{"@type":"ReadAction","target":["https:\/\/visitnoordbeveland.nl\/watersport\/"]}]},{"@type":"BreadcrumbList","@id":"https:\/\/visitnoordbeveland.nl\/watersport\/#breadcrumb","itemListElement":[{"@type":"ListItem","position":1,"name":"Home","item":"https:\/\/visitnoordbeveland.nl\/"},{"@type":"ListItem","position":2,"name":"WATERSPORT"}]},{"@type":"WebSite","@id":"https:\/\/visitnoordbeveland.nl\/#website","url":"https:\/\/visitnoordbeveland.nl\/","name":"Visit Noord-Beveland","description":"","potentialAction":[{"@type":"SearchAction","target":{"@type":"EntryPoint","urlTemplate":"https:\/\/visitnoordbeveland.nl\/?s={search_term_string}"},"query-input":{"@type":"PropertyValueSpecification","valueRequired":true,"valueName":"search_term_string"}}],"inLanguage":"de"}]}},"_links":{"self":[{"href":"https:\/\/visitnoordbeveland.nl\/de\/wp-json\/wp\/v2\/pages\/3273","targetHints":{"allow":["GET"]}}],"collection":[{"href":"https:\/\/visitnoordbeveland.nl\/de\/wp-json\/wp\/v2\/pages"}],"about":[{"href":"https:\/\/visitnoordbeveland.nl\/de\/wp-json\/wp\/v2\/types\/page"}],"author":[{"embeddable":true,"href":"https:\/\/visitnoordbeveland.nl\/de\/wp-json\/wp\/v2\/users\/1"}],"replies":[{"embeddable":true,"href":"https:\/\/visitnoordbeveland.nl\/de\/wp-json\/wp\/v2\/comments?post=3273"}],"version-history":[{"count":3,"href":"https:\/\/visitnoordbeveland.nl\/de\/wp-json\/wp\/v2\/pages\/3273\/revisions"}],"predecessor-version":[{"id":11834,"href":"https:\/\/visitnoordbeveland.nl\/de\/wp-json\/wp\/v2\/pages\/3273\/revisions\/11834"}],"wp:attachment":[{"href":"https:\/\/visitnoordbeveland.nl\/de\/wp-json\/wp\/v2\/media?parent=3273"}],"curies":[{"name":"wp","href":"https:\/\/api.w.org\/{rel}","templated":true}]}}