{"id":3276,"date":"2021-01-19T11:05:04","date_gmt":"2021-01-19T10:05:04","guid":{"rendered":"https:\/\/visitnoordbeveland.nl\/?page_id=3276"},"modified":"2024-12-13T21:51:30","modified_gmt":"2024-12-13T20:51:30","slug":"scouting","status":"publish","type":"page","link":"https:\/\/visitnoordbeveland.nl\/de\/scouting\/","title":{"rendered":"PFADFINDERLAGER"},"content":{"rendered":"<div data-elementor-type=\"wp-page\" data-elementor-id=\"3276\" class=\"elementor elementor-3276\" data-elementor-post-type=\"page\">\n\t\t\t\t\t\t<section class=\"elementor-section elementor-top-section elementor-element elementor-element-da598f1 elementor-section-content-top elementor-section-boxed elementor-section-height-default elementor-section-height-default\" data-id=\"da598f1\" data-element_type=\"section\" data-e-type=\"section\" data-settings=\"{&quot;background_background&quot;:&quot;classic&quot;}\">\n\t\t\t\t\t\t<div class=\"elementor-container elementor-column-gap-default\">\n\t\t\t\t\t<div class=\"elementor-column elementor-col-100 elementor-top-column elementor-element elementor-element-dca7d2a\" data-id=\"dca7d2a\" data-element_type=\"column\" data-e-type=\"column\">\n\t\t\t<div class=\"elementor-widget-wrap elementor-element-populated\">\n\t\t\t\t\t\t<div class=\"elementor-element elementor-element-4c7dca9 elementor-widget elementor-widget-heading\" data-id=\"4c7dca9\" data-element_type=\"widget\" data-e-type=\"widget\" data-widget_type=\"heading.default\">\n\t\t\t\t<div class=\"elementor-widget-container\">\n\t\t\t\t\t<h2 class=\"elementor-heading-title elementor-size-large\">PFADFINDERLAGER<\/h2>\t\t\t\t<\/div>\n\t\t\t\t<\/div>\n\t\t\t\t\t<\/div>\n\t\t<\/div>\n\t\t\t\t\t<\/div>\n\t\t<\/section>\n\t\t\t\t<section class=\"elementor-section elementor-top-section elementor-element elementor-element-e7d0ca6 elementor-section-boxed elementor-section-height-default elementor-section-height-default\" data-id=\"e7d0ca6\" data-element_type=\"section\" data-e-type=\"section\">\n\t\t\t\t\t\t<div class=\"elementor-container elementor-column-gap-no\">\n\t\t\t\t\t<div class=\"elementor-column elementor-col-100 elementor-top-column elementor-element elementor-element-45a9994\" data-id=\"45a9994\" data-element_type=\"column\" data-e-type=\"column\" data-settings=\"{&quot;background_background&quot;:&quot;classic&quot;}\">\n\t\t\t<div class=\"elementor-widget-wrap elementor-element-populated\">\n\t\t\t\t\t\t<section class=\"elementor-section elementor-inner-section elementor-element elementor-element-748bdba elementor-section-boxed elementor-section-height-default elementor-section-height-default\" data-id=\"748bdba\" data-element_type=\"section\" data-e-type=\"section\">\n\t\t\t\t\t\t<div class=\"elementor-container elementor-column-gap-no\">\n\t\t\t\t\t<div class=\"elementor-column elementor-col-100 elementor-inner-column elementor-element elementor-element-831e856\" data-id=\"831e856\" data-element_type=\"column\" data-e-type=\"column\">\n\t\t\t<div class=\"elementor-widget-wrap elementor-element-populated\">\n\t\t\t\t\t\t<div class=\"elementor-element elementor-element-18da7bd elementor-widget elementor-widget-heading\" data-id=\"18da7bd\" data-element_type=\"widget\" data-e-type=\"widget\" data-widget_type=\"heading.default\">\n\t\t\t\t<div class=\"elementor-widget-container\">\n\t\t\t\t\t<h3 class=\"elementor-heading-title elementor-size-large\">scouting de zandkreekgroep<\/h3>\t\t\t\t<\/div>\n\t\t\t\t<\/div>\n\t\t\t\t<div class=\"elementor-element elementor-element-a4656a7 elementor-widget elementor-widget-text-editor\" data-id=\"a4656a7\" data-element_type=\"widget\" data-e-type=\"widget\" data-widget_type=\"text-editor.default\">\n\t\t\t\t<div class=\"elementor-widget-container\">\n\t\t\t\t\t\t\t\t\t<div id=\"Content\"><div class=\"boxed\"><div id=\"lipsum\"><div class=\"cmsblock CmsStaticblockBlockDefault cmssb1 cmssb1 ri\"><div class=\"text\"><div class=\"inside\"><div class=\"grid_6 alpha\"><div class=\"footer_widget first\"><div class=\"textwidget\"><p>Unsere energetische Gruppe wurde 1982 in Kortgene gegr\u00fcndet. Heute finden die Aktivit\u00e4ten im Clubgeb\u00e4ude in Kamperland statt. Dank unserer vielen Freiwilligen k\u00f6nnen wir lustige und spannende Aktivit\u00e4ten anbieten, die M\u00e4dchen und Jungen herausfordern, sich pers\u00f6nlich weiterzuentwickeln.<\/p><\/div><\/div><\/div><\/div><\/div><\/div><\/div><\/div><\/div>\t\t\t\t\t\t\t\t<\/div>\n\t\t\t\t<\/div>\n\t\t\t\t<div class=\"elementor-element elementor-element-f2c3509 elementor-align-left elementor-mobile-align-center elementor-widget__width-inherit elementor-widget elementor-widget-button\" data-id=\"f2c3509\" data-element_type=\"widget\" data-e-type=\"widget\" data-widget_type=\"button.default\">\n\t\t\t\t<div class=\"elementor-widget-container\">\n\t\t\t\t\t\t\t\t\t<div class=\"elementor-button-wrapper\">\n\t\t\t\t\t<a class=\"elementor-button elementor-button-link elementor-size-sm elementor-animation-shrink\" href=\"http:\/\/www.zandkreekgroep.nl\" target=\"_blank\">\n\t\t\t\t\t\t<span class=\"elementor-button-content-wrapper\">\n\t\t\t\t\t\t\t\t\t<span class=\"elementor-button-text\">www.zandkreekgroep.nl<\/span>\n\t\t\t\t\t<\/span>\n\t\t\t\t\t<\/a>\n\t\t\t\t<\/div>\n\t\t\t\t\t\t\t\t<\/div>\n\t\t\t\t<\/div>\n\t\t\t\t<div class=\"elementor-element elementor-element-2c339ef elementor-widget__width-initial elementor-widget-mobile__width-initial elementor-widget-tablet__width-initial elementor-position-inline-start elementor-view-default elementor-mobile-position-block-start elementor-widget elementor-widget-icon-box\" data-id=\"2c339ef\" data-element_type=\"widget\" data-e-type=\"widget\" data-settings=\"{&quot;_animation&quot;:&quot;none&quot;}\" data-widget_type=\"icon-box.default\">\n\t\t\t\t<div class=\"elementor-widget-container\">\n\t\t\t\t\t\t\t<div class=\"elementor-icon-box-wrapper\">\n\n\t\t\t\t\t\t<div class=\"elementor-icon-box-icon\">\n\t\t\t\t<a href=\"https:\/\/goo.gl\/maps\/F3hd5UiV9cZW3GKm9\" target=\"_blank\" class=\"elementor-icon elementor-animation-shrink\" tabindex=\"-1\" aria-label=\"Kamperland\">\n\t\t\t\t<i aria-hidden=\"true\" class=\"fas fa-car-alt\"><\/i>\t\t\t\t<\/a>\n\t\t\t<\/div>\n\t\t\t\n\t\t\t\t\t\t<div class=\"elementor-icon-box-content\">\n\n\t\t\t\t\t\t\t\t\t<h1 class=\"elementor-icon-box-title\">\n\t\t\t\t\t\t<a href=\"https:\/\/goo.gl\/maps\/F3hd5UiV9cZW3GKm9\" target=\"_blank\" >\n\t\t\t\t\t\t\tKamperland\t\t\t\t\t\t<\/a>\n\t\t\t\t\t<\/h1>\n\t\t\t\t\n\t\t\t\t\n\t\t\t<\/div>\n\t\t\t\n\t\t<\/div>\n\t\t\t\t\t\t<\/div>\n\t\t\t\t<\/div>\n\t\t\t\t<div class=\"elementor-element elementor-element-4d78713 elementor-widget__width-initial elementor-widget-mobile__width-initial elementor-widget-tablet__width-initial elementor-position-inline-start elementor-view-default elementor-mobile-position-block-start elementor-widget elementor-widget-icon-box\" data-id=\"4d78713\" data-element_type=\"widget\" data-e-type=\"widget\" data-widget_type=\"icon-box.default\">\n\t\t\t\t<div class=\"elementor-widget-container\">\n\t\t\t\t\t\t\t<div class=\"elementor-icon-box-wrapper\">\n\n\t\t\t\t\t\t<div class=\"elementor-icon-box-icon\">\n\t\t\t\t<a href=\"https:\/\/www.zandkreekgroep.nl\/contact\/\" class=\"elementor-icon elementor-animation-shrink\" tabindex=\"-1\" aria-label=\"Kontakt Formular\">\n\t\t\t\t<i aria-hidden=\"true\" class=\"fas fa-envelope\"><\/i>\t\t\t\t<\/a>\n\t\t\t<\/div>\n\t\t\t\n\t\t\t\t\t\t<div class=\"elementor-icon-box-content\">\n\n\t\t\t\t\t\t\t\t\t<h1 class=\"elementor-icon-box-title\">\n\t\t\t\t\t\t<a href=\"https:\/\/www.zandkreekgroep.nl\/contact\/\" >\n\t\t\t\t\t\t\tKontakt Formular\t\t\t\t\t\t<\/a>\n\t\t\t\t\t<\/h1>\n\t\t\t\t\n\t\t\t\t\n\t\t\t<\/div>\n\t\t\t\n\t\t<\/div>\n\t\t\t\t\t\t<\/div>\n\t\t\t\t<\/div>\n\t\t\t\t\t<\/div>\n\t\t<\/div>\n\t\t\t\t\t<\/div>\n\t\t<\/section>\n\t\t\t\t\t<\/div>\n\t\t<\/div>\n\t\t\t\t\t<\/div>\n\t\t<\/section>\n\t\t\t\t<\/div>","protected":false},"excerpt":{"rendered":"<p>scouting scouting de zandkreekgroep Onze energieke groep is opgericht in 1982 in Kortgene. Tegenwoordig vinden de activiteiten plaats in het clubgebouw in Kamperland. Dankzij ons vele vrijwilligers kunnen wij leuke en spannende activiteiten aanbieden waarmee meiden en jongens worden uitgedaagd zich persoonlijk te ontwikkelen. www.zandkreekgroep.nl Kamperland Contactformulier<\/p>","protected":false},"author":1,"featured_media":0,"parent":0,"menu_order":0,"comment_status":"closed","ping_status":"closed","template":"","meta":{"site-sidebar-layout":"no-sidebar","site-content-layout":"page-builder","ast-site-content-layout":"default","site-content-style":"default","site-sidebar-style":"default","ast-global-header-display":"","ast-banner-title-visibility":"","ast-main-header-display":"","ast-hfb-above-header-display":"","ast-hfb-below-header-display":"","ast-hfb-mobile-header-display":"","site-post-title":"disabled","ast-breadcrumbs-content":"","ast-featured-img":"disabled","footer-sml-layout":"","ast-disable-related-posts":"","theme-transparent-header-meta":"default","adv-header-id-meta":"","stick-header-meta":"","header-above-stick-meta":"","header-main-stick-meta":"","header-below-stick-meta":"","astra-migrate-meta-layouts":"default","ast-page-background-enabled":"default","ast-page-background-meta":{"desktop":{"background-color":"","background-image":"","background-repeat":"repeat","background-position":"center center","background-size":"auto","background-attachment":"scroll","background-type":"","background-media":"","overlay-type":"","overlay-color":"","overlay-opacity":"","overlay-gradient":""},"tablet":{"background-color":"","background-image":"","background-repeat":"repeat","background-position":"center center","background-size":"auto","background-attachment":"scroll","background-type":"","background-media":"","overlay-type":"","overlay-color":"","overlay-opacity":"","overlay-gradient":""},"mobile":{"background-color":"","background-image":"","background-repeat":"repeat","background-position":"center center","background-size":"auto","background-attachment":"scroll","background-type":"","background-media":"","overlay-type":"","overlay-color":"","overlay-opacity":"","overlay-gradient":""}},"ast-content-background-meta":{"desktop":{"background-color":"var(--ast-global-color-5)","background-image":"","background-repeat":"repeat","background-position":"center center","background-size":"auto","background-attachment":"scroll","background-type":"","background-media":"","overlay-type":"","overlay-color":"","overlay-opacity":"","overlay-gradient":""},"tablet":{"background-color":"var(--ast-global-color-5)","background-image":"","background-repeat":"repeat","background-position":"center center","background-size":"auto","background-attachment":"scroll","background-type":"","background-media":"","overlay-type":"","overlay-color":"","overlay-opacity":"","overlay-gradient":""},"mobile":{"background-color":"var(--ast-global-color-5)","background-image":"","background-repeat":"repeat","background-position":"center center","background-size":"auto","background-attachment":"scroll","background-type":"","background-media":"","overlay-type":"","overlay-color":"","overlay-opacity":"","overlay-gradient":""}},"footnotes":""},"class_list":["post-3276","page","type-page","status-publish","hentry"],"yoast_head":"<!-- This site is optimized with the Yoast SEO Premium plugin v20.5 (Yoast SEO v27.3) - https:\/\/yoast.com\/product\/yoast-seo-premium-wordpress\/ -->\n<title>SCOUTING &#8211; Visit Noord-Beveland<\/title>\n<meta name=\"robots\" content=\"index, follow, max-snippet:-1, max-image-preview:large, max-video-preview:-1\" \/>\n<link rel=\"canonical\" href=\"https:\/\/visitnoordbeveland.nl\/de\/scouting\/\" \/>\n<meta property=\"og:locale\" content=\"de_DE\" \/>\n<meta property=\"og:type\" content=\"article\" \/>\n<meta property=\"og:title\" content=\"SCOUTING\" \/>\n<meta property=\"og:description\" content=\"scouting scouting de zandkreekgroep Onze energieke groep is opgericht in 1982 in Kortgene. Tegenwoordig vinden de activiteiten plaats in het clubgebouw in Kamperland. Dankzij ons vele vrijwilligers kunnen wij leuke en spannende activiteiten aanbieden waarmee meiden en jongens worden uitgedaagd zich persoonlijk te ontwikkelen. www.zandkreekgroep.nl Kamperland Contactformulier\" \/>\n<meta property=\"og:url\" content=\"https:\/\/visitnoordbeveland.nl\/de\/scouting\/\" \/>\n<meta property=\"og:site_name\" content=\"Visit Noord-Beveland\" \/>\n<meta property=\"article:modified_time\" content=\"2024-12-13T20:51:30+00:00\" \/>\n<meta name=\"twitter:card\" content=\"summary_large_image\" \/>\n<meta name=\"twitter:label1\" content=\"Gesch\u00e4tzte Lesezeit\" \/>\n\t<meta name=\"twitter:data1\" content=\"1 Minute\" \/>\n<script type=\"application\/ld+json\" class=\"yoast-schema-graph\">{\"@context\":\"https:\\\/\\\/schema.org\",\"@graph\":[{\"@type\":\"WebPage\",\"@id\":\"https:\\\/\\\/visitnoordbeveland.nl\\\/scouting\\\/\",\"url\":\"https:\\\/\\\/visitnoordbeveland.nl\\\/scouting\\\/\",\"name\":\"SCOUTING &#8211; Visit Noord-Beveland\",\"isPartOf\":{\"@id\":\"https:\\\/\\\/visitnoordbeveland.nl\\\/#website\"},\"datePublished\":\"2021-01-19T10:05:04+00:00\",\"dateModified\":\"2024-12-13T20:51:30+00:00\",\"breadcrumb\":{\"@id\":\"https:\\\/\\\/visitnoordbeveland.nl\\\/scouting\\\/#breadcrumb\"},\"inLanguage\":\"de\",\"potentialAction\":[{\"@type\":\"ReadAction\",\"target\":[\"https:\\\/\\\/visitnoordbeveland.nl\\\/scouting\\\/\"]}]},{\"@type\":\"BreadcrumbList\",\"@id\":\"https:\\\/\\\/visitnoordbeveland.nl\\\/scouting\\\/#breadcrumb\",\"itemListElement\":[{\"@type\":\"ListItem\",\"position\":1,\"name\":\"Home\",\"item\":\"https:\\\/\\\/visitnoordbeveland.nl\\\/\"},{\"@type\":\"ListItem\",\"position\":2,\"name\":\"SCOUTING\"}]},{\"@type\":\"WebSite\",\"@id\":\"https:\\\/\\\/visitnoordbeveland.nl\\\/#website\",\"url\":\"https:\\\/\\\/visitnoordbeveland.nl\\\/\",\"name\":\"Visit Noord-Beveland\",\"description\":\"\",\"potentialAction\":[{\"@type\":\"SearchAction\",\"target\":{\"@type\":\"EntryPoint\",\"urlTemplate\":\"https:\\\/\\\/visitnoordbeveland.nl\\\/?s={search_term_string}\"},\"query-input\":{\"@type\":\"PropertyValueSpecification\",\"valueRequired\":true,\"valueName\":\"search_term_string\"}}],\"inLanguage\":\"de\"}]}<\/script>\n<!-- \/ Yoast SEO Premium plugin. -->","yoast_head_json":{"title":"SCOUTING &#8211; Visit Noord-Beveland","robots":{"index":"index","follow":"follow","max-snippet":"max-snippet:-1","max-image-preview":"max-image-preview:large","max-video-preview":"max-video-preview:-1"},"canonical":"https:\/\/visitnoordbeveland.nl\/de\/scouting\/","og_locale":"de_DE","og_type":"article","og_title":"SCOUTING","og_description":"scouting scouting de zandkreekgroep Onze energieke groep is opgericht in 1982 in Kortgene. Tegenwoordig vinden de activiteiten plaats in het clubgebouw in Kamperland. Dankzij ons vele vrijwilligers kunnen wij leuke en spannende activiteiten aanbieden waarmee meiden en jongens worden uitgedaagd zich persoonlijk te ontwikkelen. www.zandkreekgroep.nl Kamperland Contactformulier","og_url":"https:\/\/visitnoordbeveland.nl\/de\/scouting\/","og_site_name":"Visit Noord-Beveland","article_modified_time":"2024-12-13T20:51:30+00:00","twitter_card":"summary_large_image","twitter_misc":{"Gesch\u00e4tzte Lesezeit":"1 Minute"},"schema":{"@context":"https:\/\/schema.org","@graph":[{"@type":"WebPage","@id":"https:\/\/visitnoordbeveland.nl\/scouting\/","url":"https:\/\/visitnoordbeveland.nl\/scouting\/","name":"SCOUTING &#8211; Visit Noord-Beveland","isPartOf":{"@id":"https:\/\/visitnoordbeveland.nl\/#website"},"datePublished":"2021-01-19T10:05:04+00:00","dateModified":"2024-12-13T20:51:30+00:00","breadcrumb":{"@id":"https:\/\/visitnoordbeveland.nl\/scouting\/#breadcrumb"},"inLanguage":"de","potentialAction":[{"@type":"ReadAction","target":["https:\/\/visitnoordbeveland.nl\/scouting\/"]}]},{"@type":"BreadcrumbList","@id":"https:\/\/visitnoordbeveland.nl\/scouting\/#breadcrumb","itemListElement":[{"@type":"ListItem","position":1,"name":"Home","item":"https:\/\/visitnoordbeveland.nl\/"},{"@type":"ListItem","position":2,"name":"SCOUTING"}]},{"@type":"WebSite","@id":"https:\/\/visitnoordbeveland.nl\/#website","url":"https:\/\/visitnoordbeveland.nl\/","name":"Visit Noord-Beveland","description":"","potentialAction":[{"@type":"SearchAction","target":{"@type":"EntryPoint","urlTemplate":"https:\/\/visitnoordbeveland.nl\/?s={search_term_string}"},"query-input":{"@type":"PropertyValueSpecification","valueRequired":true,"valueName":"search_term_string"}}],"inLanguage":"de"}]}},"_links":{"self":[{"href":"https:\/\/visitnoordbeveland.nl\/de\/wp-json\/wp\/v2\/pages\/3276","targetHints":{"allow":["GET"]}}],"collection":[{"href":"https:\/\/visitnoordbeveland.nl\/de\/wp-json\/wp\/v2\/pages"}],"about":[{"href":"https:\/\/visitnoordbeveland.nl\/de\/wp-json\/wp\/v2\/types\/page"}],"author":[{"embeddable":true,"href":"https:\/\/visitnoordbeveland.nl\/de\/wp-json\/wp\/v2\/users\/1"}],"replies":[{"embeddable":true,"href":"https:\/\/visitnoordbeveland.nl\/de\/wp-json\/wp\/v2\/comments?post=3276"}],"version-history":[{"count":3,"href":"https:\/\/visitnoordbeveland.nl\/de\/wp-json\/wp\/v2\/pages\/3276\/revisions"}],"predecessor-version":[{"id":11837,"href":"https:\/\/visitnoordbeveland.nl\/de\/wp-json\/wp\/v2\/pages\/3276\/revisions\/11837"}],"wp:attachment":[{"href":"https:\/\/visitnoordbeveland.nl\/de\/wp-json\/wp\/v2\/media?parent=3276"}],"curies":[{"name":"wp","href":"https:\/\/api.w.org\/{rel}","templated":true}]}}